{"id":813,"date":"2025-10-01T10:46:56","date_gmt":"2025-10-01T10:46:56","guid":{"rendered":"https:\/\/ka-ex.de\/?page_id=813"},"modified":"2025-10-23T18:25:04","modified_gmt":"2025-10-23T18:25:04","slug":"rueckgabe-und-erstattungsrichtlinie","status":"publish","type":"page","link":"https:\/\/ka-ex.de\/en\/rueckgabe-und-erstattungsrichtlinie\/","title":{"rendered":"Widerruf &#8211; R\u00fcckgabe- und Erstattungsrichtlinie"},"content":{"rendered":"<p data-start=\"0\" data-end=\"20\"><strong data-start=\"0\" data-end=\"18\">Widerrufsrecht<\/strong><\/p>\n<p data-start=\"22\" data-end=\"241\">Du hast das Recht, binnen 14 Tagen ohne Angabe von Gr\u00fcnden diesen Vertrag zu widerrufen.<br data-start=\"110\" data-end=\"113\" \/>Die Widerrufsfrist betr\u00e4gt 14 Tage ab dem Tag, an dem du oder ein von dir benannter Dritter die Waren in Besitz genommen hast.<\/p>\n<p data-start=\"243\" data-end=\"516\">Um dein Widerrufsrecht auszu\u00fcben, musst du uns \u2013 KernPunkt Connect UG (haftungsbeschr\u00e4nkt), Leibnizstra\u00dfe 55, 10629 Berlin, E-Mail: <a class=\"decorated-link cursor-pointer\" rel=\"noopener\" data-start=\"375\" data-end=\"391\">support@ka-ex.de \u2013 mittels einer eindeutigen Erkl\u00e4rung (z. B. per E-Mail) \u00fcber deinen Entschluss informieren, diesen Vertrag zu widerrufen.<\/a><\/p>\n<p data-start=\"518\" data-end=\"544\"><strong data-start=\"518\" data-end=\"542\">Folgen des Widerrufs<\/strong><\/p>\n<p data-start=\"546\" data-end=\"1169\">Wenn du diesen Vertrag widerrufst, erstatten wir dir alle Zahlungen, die wir von dir erhalten haben, unverz\u00fcglich und sp\u00e4testens binnen 14 Tagen ab dem Tag zur\u00fcck, an dem die Mitteilung \u00fcber deinen Widerruf bei uns eingegangen ist.<br data-start=\"777\" data-end=\"780\" \/>F\u00fcr diese R\u00fcckzahlung verwenden wir dasselbe Zahlungsmittel, das du bei der urspr\u00fcnglichen Transaktion eingesetzt hast, es sei denn, mit dir wurde ausdr\u00fccklich etwas anderes vereinbart.<br data-start=\"965\" data-end=\"968\" \/>Wir k\u00f6nnen die R\u00fcckzahlung verweigern, bis wir die Waren zur\u00fcckerhalten haben oder du den Nachweis erbracht hast, dass du die Waren zur\u00fcckgesandt hast \u2013 je nachdem, welches der fr\u00fchere Zeitpunkt ist.<\/p>\n<p data-start=\"1171\" data-end=\"1188\"><strong data-start=\"1171\" data-end=\"1186\">R\u00fccksendung<\/strong><\/p>\n<p data-start=\"1190\" data-end=\"1371\">Bitte sende die Waren ausschlie\u00dflich an unser Fulfillment-Center:<br data-start=\"1255\" data-end=\"1258\" \/><strong>Hive Technologies GmbH<\/strong><br data-start=\"1280\" data-end=\"1283\" \/><strong>Fulfilment Center BER2<\/strong><br data-start=\"1305\" data-end=\"1308\" \/><strong>c\/o KernPunkt Connect UG<\/strong><br data-start=\"1332\" data-end=\"1335\" \/><strong>Maulbeerstra\u00dfe 7<\/strong><br data-start=\"1351\" data-end=\"1354\" \/><strong>15834 Rangsdorf<\/strong><\/p>\n<p data-start=\"1373\" data-end=\"1519\">Du tr\u00e4gst die unmittelbaren Kosten der R\u00fccksendung.<br data-start=\"1424\" data-end=\"1427\" \/>Die Ware muss unge\u00f6ffnet, unbesch\u00e4digt und in der Originalverpackung zur\u00fcckgesandt werden.<\/p>\n<p data-start=\"1521\" data-end=\"1584\"><strong data-start=\"1521\" data-end=\"1582\">Ausschluss bzw. vorzeitiges Erl\u00f6schen des Widerrufsrechts<\/strong><\/p>\n<p data-start=\"1586\" data-end=\"1946\" data-is-last-node=\"\" data-is-only-node=\"\">Das Widerrufsrecht besteht nicht bei Vertr\u00e4gen \u00fcber<br data-start=\"1637\" data-end=\"1640\" \/>\u2013 Waren, die schnell verderben k\u00f6nnen oder deren Verfallsdatum schnell \u00fcberschritten w\u00fcrde,<br data-start=\"1731\" data-end=\"1734\" \/>\u2013 versiegelte Waren, die aus Gr\u00fcnden des Gesundheitsschutzes oder der Hygiene nicht zur R\u00fcckgabe geeignet sind, wenn ihre Versiegelung nach der Lieferung entfernt wurde (z. B. ge\u00f6ffnete Nahrungserg\u00e4nzungsmittel).<\/p>\n","protected":false},"excerpt":{"rendered":"<p>Widerrufsrecht Du hast das Recht, binnen 14 Tagen ohne Angabe von Gr\u00fcnden diesen Vertrag zu widerrufen.Die Widerrufsfrist betr\u00e4gt 14 Tage ab dem Tag, an dem du oder ein von dir benannter Dritter die Waren in Besitz genommen hast. Um dein Widerrufsrecht auszu\u00fcben, musst du uns \u2013 KernPunkt Connect UG (haftungsbeschr\u00e4nkt), Leibnizstra\u00dfe 55, 10629 Berlin, E-Mail: [&hellip;]<\/p>\n","protected":false},"author":1,"featured_media":0,"parent":0,"menu_order":0,"comment_status":"closed","ping_status":"closed","template":"","meta":{"footnotes":""},"class_list":["post-813","page","type-page","status-publish","hentry"],"yoast_head":"<!-- This site is optimized with the Yoast SEO plugin v26.2 - https:\/\/yoast.com\/wordpress\/plugins\/seo\/ -->\n<title>Widerruf - R\u00fcckgabe- und Erstattungsrichtlinie - KA-EX Deutschland<\/title>\n<meta name=\"robots\" content=\"index, follow, max-snippet:-1, max-image-preview:large, max-video-preview:-1\" \/>\n<link rel=\"canonical\" href=\"https:\/\/ka-ex.de\/en\/rueckgabe-und-erstattungsrichtlinie\/\" \/>\n<meta property=\"og:locale\" content=\"en_US\" \/>\n<meta property=\"og:type\" content=\"article\" \/>\n<meta property=\"og:title\" content=\"Widerruf - R\u00fcckgabe- und Erstattungsrichtlinie - KA-EX Deutschland\" \/>\n<meta property=\"og:description\" content=\"Widerrufsrecht Du hast das Recht, binnen 14 Tagen ohne Angabe von Gr\u00fcnden diesen Vertrag zu widerrufen.Die Widerrufsfrist betr\u00e4gt 14 Tage ab dem Tag, an dem du oder ein von dir benannter Dritter die Waren in Besitz genommen hast. Um dein Widerrufsrecht auszu\u00fcben, musst du uns \u2013 KernPunkt Connect UG (haftungsbeschr\u00e4nkt), Leibnizstra\u00dfe 55, 10629 Berlin, E-Mail: [&hellip;]\" \/>\n<meta property=\"og:url\" content=\"https:\/\/ka-ex.de\/en\/rueckgabe-und-erstattungsrichtlinie\/\" \/>\n<meta property=\"og:site_name\" content=\"KA-EX Deutschland\" \/>\n<meta property=\"article:modified_time\" content=\"2025-10-23T18:25:04+00:00\" \/>\n<meta name=\"twitter:card\" content=\"summary_large_image\" \/>\n<meta name=\"twitter:label1\" content=\"Est. reading time\" \/>\n\t<meta name=\"twitter:data1\" content=\"1 minute\" \/>\n<script type=\"application\/ld+json\" class=\"yoast-schema-graph\">{\"@context\":\"https:\/\/schema.org\",\"@graph\":[{\"@type\":\"WebPage\",\"@id\":\"https:\/\/ka-ex.de\/en\/rueckgabe-und-erstattungsrichtlinie\/\",\"url\":\"https:\/\/ka-ex.de\/en\/rueckgabe-und-erstattungsrichtlinie\/\",\"name\":\"Widerruf - R\u00fcckgabe- und Erstattungsrichtlinie - KA-EX Deutschland\",\"isPartOf\":{\"@id\":\"https:\/\/ka-ex.de\/en\/#website\"},\"datePublished\":\"2025-10-01T10:46:56+00:00\",\"dateModified\":\"2025-10-23T18:25:04+00:00\",\"breadcrumb\":{\"@id\":\"https:\/\/ka-ex.de\/en\/rueckgabe-und-erstattungsrichtlinie\/#breadcrumb\"},\"inLanguage\":\"en-US\",\"potentialAction\":[{\"@type\":\"ReadAction\",\"target\":[\"https:\/\/ka-ex.de\/en\/rueckgabe-und-erstattungsrichtlinie\/\"]}]},{\"@type\":\"BreadcrumbList\",\"@id\":\"https:\/\/ka-ex.de\/en\/rueckgabe-und-erstattungsrichtlinie\/#breadcrumb\",\"itemListElement\":[{\"@type\":\"ListItem\",\"position\":1,\"name\":\"Home\",\"item\":\"https:\/\/ka-ex.de\/en\/\"},{\"@type\":\"ListItem\",\"position\":2,\"name\":\"Widerruf &#8211; R\u00fcckgabe- und Erstattungsrichtlinie\"}]},{\"@type\":\"WebSite\",\"@id\":\"https:\/\/ka-ex.de\/en\/#website\",\"url\":\"https:\/\/ka-ex.de\/en\/\",\"name\":\"KA-EX Deutschland\",\"description\":\"Bioactive substances for athletes - BOOST Perform. recharge\",\"publisher\":{\"@id\":\"https:\/\/ka-ex.de\/en\/#organization\"},\"potentialAction\":[{\"@type\":\"SearchAction\",\"target\":{\"@type\":\"EntryPoint\",\"urlTemplate\":\"https:\/\/ka-ex.de\/en\/?s={search_term_string}\"},\"query-input\":{\"@type\":\"PropertyValueSpecification\",\"valueRequired\":true,\"valueName\":\"search_term_string\"}}],\"inLanguage\":\"en-US\"},{\"@type\":\"Organization\",\"@id\":\"https:\/\/ka-ex.de\/en\/#organization\",\"name\":\"KA-EX Deutschland\",\"url\":\"https:\/\/ka-ex.de\/en\/\",\"logo\":{\"@type\":\"ImageObject\",\"inLanguage\":\"en-US\",\"@id\":\"https:\/\/ka-ex.de\/en\/#\/schema\/logo\/image\/\",\"url\":\"https:\/\/ka-ex.de\/wp-content\/uploads\/2024\/04\/kaex-favicon.png\",\"contentUrl\":\"https:\/\/ka-ex.de\/wp-content\/uploads\/2024\/04\/kaex-favicon.png\",\"width\":250,\"height\":250,\"caption\":\"KA-EX Deutschland\"},\"image\":{\"@id\":\"https:\/\/ka-ex.de\/en\/#\/schema\/logo\/image\/\"}}]}<\/script>\n<!-- \/ Yoast SEO plugin. -->","yoast_head_json":{"title":"Widerruf - R\u00fcckgabe- und Erstattungsrichtlinie - KA-EX Deutschland","robots":{"index":"index","follow":"follow","max-snippet":"max-snippet:-1","max-image-preview":"max-image-preview:large","max-video-preview":"max-video-preview:-1"},"canonical":"https:\/\/ka-ex.de\/en\/rueckgabe-und-erstattungsrichtlinie\/","og_locale":"en_US","og_type":"article","og_title":"Widerruf - R\u00fcckgabe- und Erstattungsrichtlinie - KA-EX Deutschland","og_description":"Widerrufsrecht Du hast das Recht, binnen 14 Tagen ohne Angabe von Gr\u00fcnden diesen Vertrag zu widerrufen.Die Widerrufsfrist betr\u00e4gt 14 Tage ab dem Tag, an dem du oder ein von dir benannter Dritter die Waren in Besitz genommen hast. Um dein Widerrufsrecht auszu\u00fcben, musst du uns \u2013 KernPunkt Connect UG (haftungsbeschr\u00e4nkt), Leibnizstra\u00dfe 55, 10629 Berlin, E-Mail: [&hellip;]","og_url":"https:\/\/ka-ex.de\/en\/rueckgabe-und-erstattungsrichtlinie\/","og_site_name":"KA-EX Deutschland","article_modified_time":"2025-10-23T18:25:04+00:00","twitter_card":"summary_large_image","twitter_misc":{"Est. reading time":"1 minute"},"schema":{"@context":"https:\/\/schema.org","@graph":[{"@type":"WebPage","@id":"https:\/\/ka-ex.de\/en\/rueckgabe-und-erstattungsrichtlinie\/","url":"https:\/\/ka-ex.de\/en\/rueckgabe-und-erstattungsrichtlinie\/","name":"Widerruf - R\u00fcckgabe- und Erstattungsrichtlinie - KA-EX Deutschland","isPartOf":{"@id":"https:\/\/ka-ex.de\/en\/#website"},"datePublished":"2025-10-01T10:46:56+00:00","dateModified":"2025-10-23T18:25:04+00:00","breadcrumb":{"@id":"https:\/\/ka-ex.de\/en\/rueckgabe-und-erstattungsrichtlinie\/#breadcrumb"},"inLanguage":"en-US","potentialAction":[{"@type":"ReadAction","target":["https:\/\/ka-ex.de\/en\/rueckgabe-und-erstattungsrichtlinie\/"]}]},{"@type":"BreadcrumbList","@id":"https:\/\/ka-ex.de\/en\/rueckgabe-und-erstattungsrichtlinie\/#breadcrumb","itemListElement":[{"@type":"ListItem","position":1,"name":"Home","item":"https:\/\/ka-ex.de\/en\/"},{"@type":"ListItem","position":2,"name":"Widerruf &#8211; R\u00fcckgabe- und Erstattungsrichtlinie"}]},{"@type":"WebSite","@id":"https:\/\/ka-ex.de\/en\/#website","url":"https:\/\/ka-ex.de\/en\/","name":"KA-EX Deutschland","description":"Bioactive substances for athletes - BOOST Perform. recharge","publisher":{"@id":"https:\/\/ka-ex.de\/en\/#organization"},"potentialAction":[{"@type":"SearchAction","target":{"@type":"EntryPoint","urlTemplate":"https:\/\/ka-ex.de\/en\/?s={search_term_string}"},"query-input":{"@type":"PropertyValueSpecification","valueRequired":true,"valueName":"search_term_string"}}],"inLanguage":"en-US"},{"@type":"Organization","@id":"https:\/\/ka-ex.de\/en\/#organization","name":"KA-EX Deutschland","url":"https:\/\/ka-ex.de\/en\/","logo":{"@type":"ImageObject","inLanguage":"en-US","@id":"https:\/\/ka-ex.de\/en\/#\/schema\/logo\/image\/","url":"https:\/\/ka-ex.de\/wp-content\/uploads\/2024\/04\/kaex-favicon.png","contentUrl":"https:\/\/ka-ex.de\/wp-content\/uploads\/2024\/04\/kaex-favicon.png","width":250,"height":250,"caption":"KA-EX Deutschland"},"image":{"@id":"https:\/\/ka-ex.de\/en\/#\/schema\/logo\/image\/"}}]}},"_links":{"self":[{"href":"https:\/\/ka-ex.de\/en\/wp-json\/wp\/v2\/pages\/813","targetHints":{"allow":["GET"]}}],"collection":[{"href":"https:\/\/ka-ex.de\/en\/wp-json\/wp\/v2\/pages"}],"about":[{"href":"https:\/\/ka-ex.de\/en\/wp-json\/wp\/v2\/types\/page"}],"author":[{"embeddable":true,"href":"https:\/\/ka-ex.de\/en\/wp-json\/wp\/v2\/users\/1"}],"replies":[{"embeddable":true,"href":"https:\/\/ka-ex.de\/en\/wp-json\/wp\/v2\/comments?post=813"}],"version-history":[{"count":0,"href":"https:\/\/ka-ex.de\/en\/wp-json\/wp\/v2\/pages\/813\/revisions"}],"wp:attachment":[{"href":"https:\/\/ka-ex.de\/en\/wp-json\/wp\/v2\/media?parent=813"}],"curies":[{"name":"wp","href":"https:\/\/api.w.org\/{rel}","templated":true}]}}