{"id":347,"date":"2025-08-11T11:31:19","date_gmt":"2025-08-11T11:31:19","guid":{"rendered":"https:\/\/ka-ex.de\/?post_type=product&#038;p=347"},"modified":"2026-04-14T21:52:01","modified_gmt":"2026-04-14T19:52:01","slug":"ka-ex-pwd-recharge-24er-pack-sachets","status":"publish","type":"product","link":"https:\/\/ka-ex.de\/en\/product\/ka-ex-pwd-recharge-24er-pack-sachets\/","title":{"rendered":"KA-EX\u00ae PWD recharge<span style=\"color:#ff0000;\">+<\/span><br><span style=\"font-size:14px; font-weight:400; color:#555;\">24 Portionen<\/span>"},"content":{"rendered":"<div class=\"elementor-element elementor-element-71e72cb ob-has-background-overlay elementor-widget elementor-widget-woocommerce-product-content\" data-id=\"71e72cb\" data-element_type=\"widget\" data-settings=\"{&quot;_ob_perspektive_use&quot;:&quot;no&quot;,&quot;_ob_poopart_use&quot;:&quot;yes&quot;,&quot;_ob_shadough_use&quot;:&quot;no&quot;,&quot;_ob_allow_hoveranimator&quot;:&quot;no&quot;,&quot;_ob_widget_stalker_use&quot;:&quot;no&quot;}\" data-widget_type=\"woocommerce-product-content.default\">\n<div class=\"elementor-widget-container\">\n<div class=\"ewa-rteLine\"><strong>KA-EX\u00ae<\/strong><\/div>\n<div class=\"ewa-rteLine\">Die durch klinische Studien best\u00e4tigte Formel aus Aminos\u00e4uren, Elektrolyten, Vitaminen, basischen Salzen und bioaktiven Substanzen unterst\u00fctzt die muskul\u00e4re Eiweisssynthese f\u00fcr maximale Trainingsresultate nach dem Sport und reduziert M\u00fcdigkeit nach k\u00f6rperlicher Anstrengung.<\/div>\n<div class=\"ewa-rteLine\"><\/div>\n<div class=\"ewa-rteLine\">Bereits Tausende Profisportler, darunter das Tudor Pro Cycling Team, der FC Basel, der FC Z\u00fcrich und Bundesliga-Vereine, schw\u00f6ren auf KA-EX\u00ae.<\/div>\n<div class=\"ewa-rteLine\"><\/div>\n<div class=\"ewa-rteLine\">\u2022 Regeneration nach dem Sport<\/div>\n<div class=\"ewa-rteLine\">\u2022 Verringert k\u00f6rperliche &amp; geistige M\u00fcdigkeit nach k\u00f6rperlicher Anstrengung<\/div>\n<div class=\"ewa-rteLine\">\u2022 Maximiert Trainingsresultate (Muskelaufbau, Ausdauer) durch Unterst\u00fctzung der muskul\u00e4ren Eiweisssynthese<\/div>\n<div class=\"ewa-rteLine\">\u2022 Normalisiert die Funktion der Verdauungsenzyme und der Leber<\/div>\n<div class=\"ewa-rteLine\">\u2022 Sch\u00fctzt vor sport- und stressbedingter Hautalterung<\/div>\n<div class=\"ewa-rteLine\"><\/div>\n<div class=\"ewa-rteLine\"><strong>Einnahme<\/strong><\/div>\n<div class=\"ewa-rteLine\">Da die Regenerationsphase mit anschlie\u00dfender Leistungssteigerung (Superkompensation) in der Regel 48 Stunden dauert, wird KA-EX\u00ae innerhalb von drei Tagen eingenommen:<\/div>\n<div class=\"ewa-rteLine\">1. KA-EX\u00ae wird w\u00e4hrend oder direkt nach dem Sport eingenommen<\/div>\n<div class=\"ewa-rteLine\">2. Einnahme am n\u00e4chsten Tag (zum Beispiel als Ersatz f\u00fcr einen Kaffee oder Erfrischungsgetr\u00e4nk zwischendurch)<\/div>\n<div class=\"ewa-rteLine\">3. Einnahme nach rund 48 Stunden<\/div>\n<div class=\"ewa-rteLine\"><\/div>\n<div class=\"ewa-rteLine\">Die empfohlene Tagesdosis von einer Flasche oder Sachet pro Tag nicht \u00fcberschreiten. KA-EX\u00ae ist vegan, laktose- und glutenfrei.<\/div>\n<\/div>\n<\/div>\n","protected":false},"excerpt":{"rendered":"<p><strong>Nahrungserg\u00e4nzungsmittel<\/strong><br \/>\nmit Aminos\u00e4uren, Elektrolyten, Vitaminen, basischen Salzen, Phosphatidylserin, Betain, Cholin, Zink, Selen, Fructose und Glucose.<\/p>\n<p><strong>Wissenschaftlich entwickelte Formel zur Regeneration nach dem Training.<\/strong><\/p>\n<ul>\n<li>Vitamin\u00a0C, Niacin und Magnesium tragen zur Verringerung von M\u00fcdigkeit und Erm\u00fcdung bei.<\/li>\n<li>Protein tr\u00e4gt zur Zunahme und Erhaltung von Muskelmasse bei.<\/li>\n<li>Cholin tr\u00e4gt zu einer normalen Leberfunktion bei.<\/li>\n<li>Zink, Selen, Vitamin\u00a0C und Vitamin\u00a0E tragen dazu bei, die Zellen vor oxidativem Stress zu sch\u00fctzen.<\/li>\n<\/ul>\n<p>F\u00fcr optimale Regeneration nach intensiver Belastung.<\/p>\n","protected":false},"featured_media":986,"comment_status":"open","ping_status":"closed","template":"","meta":[],"product_brand":[],"product_cat":[22],"product_tag":[],"class_list":{"0":"post-347","1":"product","2":"type-product","3":"status-publish","4":"has-post-thumbnail","6":"product_cat-uncategorized","8":"first","9":"instock","10":"taxable","11":"shipping-taxable","12":"purchasable","13":"product-type-simple"},"yoast_head":"<!-- This site is optimized with the Yoast SEO plugin v26.2 - https:\/\/yoast.com\/wordpress\/plugins\/seo\/ -->\n<title>KA-EX\u00ae PWD recharge+24 Portionen - KA-EX Deutschland<\/title>\n<meta name=\"robots\" content=\"index, follow, max-snippet:-1, max-image-preview:large, max-video-preview:-1\" \/>\n<link rel=\"canonical\" href=\"https:\/\/ka-ex.de\/en\/product\/ka-ex-pwd-recharge-24er-pack-sachets\/\" \/>\n<meta property=\"og:locale\" content=\"en_US\" \/>\n<meta property=\"og:type\" content=\"article\" \/>\n<meta property=\"og:title\" content=\"KA-EX\u00ae PWD recharge+24 Portionen - KA-EX Deutschland\" \/>\n<meta property=\"og:description\" content=\"Nahrungserg\u00e4nzungsmittel mit Aminos\u00e4uren, Elektrolyten, Vitaminen, basischen Salzen, Phosphatidylserin, Betain, Cholin, Zink, Selen, Fructose und Glucose.  Wissenschaftlich entwickelte Formel zur Regeneration nach dem Training.   Vitamin\u00a0C, Niacin und Magnesium tragen zur Verringerung von M\u00fcdigkeit und Erm\u00fcdung bei.  Protein tr\u00e4gt zur Zunahme und Erhaltung von Muskelmasse bei.  Cholin tr\u00e4gt zu einer normalen Leberfunktion bei.  Zink, Selen, Vitamin\u00a0C und Vitamin\u00a0E tragen dazu bei, die Zellen vor oxidativem Stress zu sch\u00fctzen.  F\u00fcr optimale Regeneration nach intensiver Belastung.\" \/>\n<meta property=\"og:url\" content=\"https:\/\/ka-ex.de\/en\/product\/ka-ex-pwd-recharge-24er-pack-sachets\/\" \/>\n<meta property=\"og:site_name\" content=\"KA-EX Deutschland\" \/>\n<meta property=\"article:modified_time\" content=\"2026-04-14T19:52:01+00:00\" \/>\n<meta property=\"og:image\" content=\"https:\/\/ka-ex.de\/wp-content\/uploads\/2025\/08\/KA-EX_PWD_CH_24er-scaled-1.jpg\" \/>\n\t<meta property=\"og:image:width\" content=\"2560\" \/>\n\t<meta property=\"og:image:height\" content=\"2560\" \/>\n\t<meta property=\"og:image:type\" content=\"image\/jpeg\" \/>\n<meta name=\"twitter:card\" content=\"summary_large_image\" \/>\n<meta name=\"twitter:label1\" content=\"Est. reading time\" \/>\n\t<meta name=\"twitter:data1\" content=\"2 minutes\" \/>\n<script type=\"application\/ld+json\" class=\"yoast-schema-graph\">{\"@context\":\"https:\/\/schema.org\",\"@graph\":[{\"@type\":\"WebPage\",\"@id\":\"https:\/\/ka-ex.de\/en\/product\/ka-ex-pwd-recharge-24er-pack-sachets\/\",\"url\":\"https:\/\/ka-ex.de\/en\/product\/ka-ex-pwd-recharge-24er-pack-sachets\/\",\"name\":\"KA-EX\u00ae PWD recharge+ 24 Portionen - KA-EX Deutschland\",\"isPartOf\":{\"@id\":\"https:\/\/ka-ex.de\/en\/#website\"},\"primaryImageOfPage\":{\"@id\":\"https:\/\/ka-ex.de\/en\/product\/ka-ex-pwd-recharge-24er-pack-sachets\/#primaryimage\"},\"image\":{\"@id\":\"https:\/\/ka-ex.de\/en\/product\/ka-ex-pwd-recharge-24er-pack-sachets\/#primaryimage\"},\"thumbnailUrl\":\"https:\/\/ka-ex.de\/wp-content\/uploads\/2025\/08\/KA-EX_PWD_CH_24er-scaled-1.jpg\",\"datePublished\":\"2025-08-11T11:31:19+00:00\",\"dateModified\":\"2026-04-14T19:52:01+00:00\",\"breadcrumb\":{\"@id\":\"https:\/\/ka-ex.de\/en\/product\/ka-ex-pwd-recharge-24er-pack-sachets\/#breadcrumb\"},\"inLanguage\":\"en-US\",\"potentialAction\":[{\"@type\":\"ReadAction\",\"target\":[\"https:\/\/ka-ex.de\/en\/product\/ka-ex-pwd-recharge-24er-pack-sachets\/\"]}]},{\"@type\":\"ImageObject\",\"inLanguage\":\"en-US\",\"@id\":\"https:\/\/ka-ex.de\/en\/product\/ka-ex-pwd-recharge-24er-pack-sachets\/#primaryimage\",\"url\":\"https:\/\/ka-ex.de\/wp-content\/uploads\/2025\/08\/KA-EX_PWD_CH_24er-scaled-1.jpg\",\"contentUrl\":\"https:\/\/ka-ex.de\/wp-content\/uploads\/2025\/08\/KA-EX_PWD_CH_24er-scaled-1.jpg\",\"width\":2560,\"height\":2560},{\"@type\":\"BreadcrumbList\",\"@id\":\"https:\/\/ka-ex.de\/en\/product\/ka-ex-pwd-recharge-24er-pack-sachets\/#breadcrumb\",\"itemListElement\":[{\"@type\":\"ListItem\",\"position\":1,\"name\":\"Home\",\"item\":\"https:\/\/ka-ex.de\/en\/\"},{\"@type\":\"ListItem\",\"position\":2,\"name\":\"Shop\",\"item\":\"https:\/\/ka-ex.de\/shop\/\"},{\"@type\":\"ListItem\",\"position\":3,\"name\":\"KA-EX\u00ae PWD recharge+24 Portionen\"}]},{\"@type\":\"WebSite\",\"@id\":\"https:\/\/ka-ex.de\/en\/#website\",\"url\":\"https:\/\/ka-ex.de\/en\/\",\"name\":\"KA-EX Deutschland\",\"description\":\"Bioactive substances for athletes - BOOST Perform. recharge\",\"publisher\":{\"@id\":\"https:\/\/ka-ex.de\/en\/#organization\"},\"potentialAction\":[{\"@type\":\"SearchAction\",\"target\":{\"@type\":\"EntryPoint\",\"urlTemplate\":\"https:\/\/ka-ex.de\/en\/?s={search_term_string}\"},\"query-input\":{\"@type\":\"PropertyValueSpecification\",\"valueRequired\":true,\"valueName\":\"search_term_string\"}}],\"inLanguage\":\"en-US\"},{\"@type\":\"Organization\",\"@id\":\"https:\/\/ka-ex.de\/en\/#organization\",\"name\":\"KA-EX Deutschland\",\"url\":\"https:\/\/ka-ex.de\/en\/\",\"logo\":{\"@type\":\"ImageObject\",\"inLanguage\":\"en-US\",\"@id\":\"https:\/\/ka-ex.de\/en\/#\/schema\/logo\/image\/\",\"url\":\"https:\/\/ka-ex.de\/wp-content\/uploads\/2024\/04\/kaex-favicon.png\",\"contentUrl\":\"https:\/\/ka-ex.de\/wp-content\/uploads\/2024\/04\/kaex-favicon.png\",\"width\":250,\"height\":250,\"caption\":\"KA-EX Deutschland\"},\"image\":{\"@id\":\"https:\/\/ka-ex.de\/en\/#\/schema\/logo\/image\/\"}}]}<\/script>\n<!-- \/ Yoast SEO plugin. -->","yoast_head_json":{"title":"KA-EX\u00ae PWD recharge+24 Portionen - KA-EX Deutschland","robots":{"index":"index","follow":"follow","max-snippet":"max-snippet:-1","max-image-preview":"max-image-preview:large","max-video-preview":"max-video-preview:-1"},"canonical":"https:\/\/ka-ex.de\/en\/product\/ka-ex-pwd-recharge-24er-pack-sachets\/","og_locale":"en_US","og_type":"article","og_title":"KA-EX\u00ae PWD recharge+24 Portionen - KA-EX Deutschland","og_description":"Nahrungserg\u00e4nzungsmittel mit Aminos\u00e4uren, Elektrolyten, Vitaminen, basischen Salzen, Phosphatidylserin, Betain, Cholin, Zink, Selen, Fructose und Glucose.  Wissenschaftlich entwickelte Formel zur Regeneration nach dem Training.   Vitamin\u00a0C, Niacin und Magnesium tragen zur Verringerung von M\u00fcdigkeit und Erm\u00fcdung bei.  Protein tr\u00e4gt zur Zunahme und Erhaltung von Muskelmasse bei.  Cholin tr\u00e4gt zu einer normalen Leberfunktion bei.  Zink, Selen, Vitamin\u00a0C und Vitamin\u00a0E tragen dazu bei, die Zellen vor oxidativem Stress zu sch\u00fctzen.  F\u00fcr optimale Regeneration nach intensiver Belastung.","og_url":"https:\/\/ka-ex.de\/en\/product\/ka-ex-pwd-recharge-24er-pack-sachets\/","og_site_name":"KA-EX Deutschland","article_modified_time":"2026-04-14T19:52:01+00:00","og_image":[{"width":2560,"height":2560,"url":"https:\/\/ka-ex.de\/wp-content\/uploads\/2025\/08\/KA-EX_PWD_CH_24er-scaled-1.jpg","type":"image\/jpeg"}],"twitter_card":"summary_large_image","twitter_misc":{"Est. reading time":"2 minutes"},"schema":{"@context":"https:\/\/schema.org","@graph":[{"@type":"WebPage","@id":"https:\/\/ka-ex.de\/en\/product\/ka-ex-pwd-recharge-24er-pack-sachets\/","url":"https:\/\/ka-ex.de\/en\/product\/ka-ex-pwd-recharge-24er-pack-sachets\/","name":"KA-EX\u00ae PWD recharge+ 24 Portionen - KA-EX Deutschland","isPartOf":{"@id":"https:\/\/ka-ex.de\/en\/#website"},"primaryImageOfPage":{"@id":"https:\/\/ka-ex.de\/en\/product\/ka-ex-pwd-recharge-24er-pack-sachets\/#primaryimage"},"image":{"@id":"https:\/\/ka-ex.de\/en\/product\/ka-ex-pwd-recharge-24er-pack-sachets\/#primaryimage"},"thumbnailUrl":"https:\/\/ka-ex.de\/wp-content\/uploads\/2025\/08\/KA-EX_PWD_CH_24er-scaled-1.jpg","datePublished":"2025-08-11T11:31:19+00:00","dateModified":"2026-04-14T19:52:01+00:00","breadcrumb":{"@id":"https:\/\/ka-ex.de\/en\/product\/ka-ex-pwd-recharge-24er-pack-sachets\/#breadcrumb"},"inLanguage":"en-US","potentialAction":[{"@type":"ReadAction","target":["https:\/\/ka-ex.de\/en\/product\/ka-ex-pwd-recharge-24er-pack-sachets\/"]}]},{"@type":"ImageObject","inLanguage":"en-US","@id":"https:\/\/ka-ex.de\/en\/product\/ka-ex-pwd-recharge-24er-pack-sachets\/#primaryimage","url":"https:\/\/ka-ex.de\/wp-content\/uploads\/2025\/08\/KA-EX_PWD_CH_24er-scaled-1.jpg","contentUrl":"https:\/\/ka-ex.de\/wp-content\/uploads\/2025\/08\/KA-EX_PWD_CH_24er-scaled-1.jpg","width":2560,"height":2560},{"@type":"BreadcrumbList","@id":"https:\/\/ka-ex.de\/en\/product\/ka-ex-pwd-recharge-24er-pack-sachets\/#breadcrumb","itemListElement":[{"@type":"ListItem","position":1,"name":"Home","item":"https:\/\/ka-ex.de\/en\/"},{"@type":"ListItem","position":2,"name":"Shop","item":"https:\/\/ka-ex.de\/shop\/"},{"@type":"ListItem","position":3,"name":"KA-EX\u00ae PWD recharge+24 Portionen"}]},{"@type":"WebSite","@id":"https:\/\/ka-ex.de\/en\/#website","url":"https:\/\/ka-ex.de\/en\/","name":"KA-EX Deutschland","description":"Bioactive substances for athletes - BOOST Perform. recharge","publisher":{"@id":"https:\/\/ka-ex.de\/en\/#organization"},"potentialAction":[{"@type":"SearchAction","target":{"@type":"EntryPoint","urlTemplate":"https:\/\/ka-ex.de\/en\/?s={search_term_string}"},"query-input":{"@type":"PropertyValueSpecification","valueRequired":true,"valueName":"search_term_string"}}],"inLanguage":"en-US"},{"@type":"Organization","@id":"https:\/\/ka-ex.de\/en\/#organization","name":"KA-EX Deutschland","url":"https:\/\/ka-ex.de\/en\/","logo":{"@type":"ImageObject","inLanguage":"en-US","@id":"https:\/\/ka-ex.de\/en\/#\/schema\/logo\/image\/","url":"https:\/\/ka-ex.de\/wp-content\/uploads\/2024\/04\/kaex-favicon.png","contentUrl":"https:\/\/ka-ex.de\/wp-content\/uploads\/2024\/04\/kaex-favicon.png","width":250,"height":250,"caption":"KA-EX Deutschland"},"image":{"@id":"https:\/\/ka-ex.de\/en\/#\/schema\/logo\/image\/"}}]}},"_links":{"self":[{"href":"https:\/\/ka-ex.de\/en\/wp-json\/wp\/v2\/product\/347","targetHints":{"allow":["GET"]}}],"collection":[{"href":"https:\/\/ka-ex.de\/en\/wp-json\/wp\/v2\/product"}],"about":[{"href":"https:\/\/ka-ex.de\/en\/wp-json\/wp\/v2\/types\/product"}],"replies":[{"embeddable":true,"href":"https:\/\/ka-ex.de\/en\/wp-json\/wp\/v2\/comments?post=347"}],"wp:featuredmedia":[{"embeddable":true,"href":"https:\/\/ka-ex.de\/en\/wp-json\/wp\/v2\/media\/986"}],"wp:attachment":[{"href":"https:\/\/ka-ex.de\/en\/wp-json\/wp\/v2\/media?parent=347"}],"wp:term":[{"taxonomy":"product_brand","embeddable":true,"href":"https:\/\/ka-ex.de\/en\/wp-json\/wp\/v2\/product_brand?post=347"},{"taxonomy":"product_cat","embeddable":true,"href":"https:\/\/ka-ex.de\/en\/wp-json\/wp\/v2\/product_cat?post=347"},{"taxonomy":"product_tag","embeddable":true,"href":"https:\/\/ka-ex.de\/en\/wp-json\/wp\/v2\/product_tag?post=347"}],"curies":[{"name":"wp","href":"https:\/\/api.w.org\/{rel}","templated":true}]}}